{"id":494,"date":"2026-03-22T21:09:10","date_gmt":"2026-03-22T20:09:10","guid":{"rendered":"https:\/\/izmirschnurrzz.de\/?page_id=494"},"modified":"2026-03-22T22:29:21","modified_gmt":"2026-03-22T21:29:21","slug":"kurzprofil","status":"publish","type":"page","link":"https:\/\/izmirschnurrzz.de\/?page_id=494","title":{"rendered":"Kurzprofil"},"content":{"rendered":"<p><strong>\u00dcber mich<\/strong><\/p>\n<p>Ich arbeite seit \u00fcber zwei Jahrzehnten in der professionellen Medienproduktion mit Fokus auf Print, Bildbearbeitung und Produktionsprozesse.<\/p>\n<p>Im Laufe der Jahre habe ich Verantwortung in der Steuerung komplexer Projekte \u00fcbernommen und als direkter Ansprechpartner f\u00fcr Kunden gearbeitet.<\/p>\n<p>Neben klassischen Workflows besch\u00e4ftige ich mich intensiv mit AI-gest\u00fctzter Bildgenerierung und Automatisierung (ComfyUI, LoRA, LLMs), um neue M\u00f6glichkeiten f\u00fcr effiziente Produktion und kreative L\u00f6sungen zu erschlie\u00dfen.<\/p>\n","protected":false},"excerpt":{"rendered":"<p>\u00dcber mich Ich arbeite seit \u00fcber zwei Jahrzehnten in der professionellen Medienproduktion mit Fokus auf Print, Bildbearbeitung und Produktionsprozesse. Im Laufe der Jahre habe ich Verantwortung in der Steuerung komplexer Projekte \u00fcbernommen und als direkter Ansprechpartner f\u00fcr Kunden gearbeitet. Neben klassischen Workflows besch\u00e4ftige ich mich intensiv mit AI-gest\u00fctzter Bildgenerierung und Automatisierung (ComfyUI, LoRA, LLMs), um &hellip; <\/p>\n<p class=\"link-more\"><a href=\"https:\/\/izmirschnurrzz.de\/?page_id=494\" class=\"more-link\"><span class=\"screen-reader-text\">\u201eKurzprofil\u201c<\/span> weiterlesen<\/a><\/p>\n","protected":false},"author":1,"featured_media":0,"parent":0,"menu_order":0,"comment_status":"closed","ping_status":"closed","template":"","meta":{"footnotes":""},"class_list":["post-494","page","type-page","status-publish","hentry"],"_links":{"self":[{"href":"https:\/\/izmirschnurrzz.de\/index.php?rest_route=\/wp\/v2\/pages\/494","targetHints":{"allow":["GET"]}}],"collection":[{"href":"https:\/\/izmirschnurrzz.de\/index.php?rest_route=\/wp\/v2\/pages"}],"about":[{"href":"https:\/\/izmirschnurrzz.de\/index.php?rest_route=\/wp\/v2\/types\/page"}],"author":[{"embeddable":true,"href":"https:\/\/izmirschnurrzz.de\/index.php?rest_route=\/wp\/v2\/users\/1"}],"replies":[{"embeddable":true,"href":"https:\/\/izmirschnurrzz.de\/index.php?rest_route=%2Fwp%2Fv2%2Fcomments&post=494"}],"version-history":[{"count":2,"href":"https:\/\/izmirschnurrzz.de\/index.php?rest_route=\/wp\/v2\/pages\/494\/revisions"}],"predecessor-version":[{"id":514,"href":"https:\/\/izmirschnurrzz.de\/index.php?rest_route=\/wp\/v2\/pages\/494\/revisions\/514"}],"wp:attachment":[{"href":"https:\/\/izmirschnurrzz.de\/index.php?rest_route=%2Fwp%2Fv2%2Fmedia&parent=494"}],"curies":[{"name":"wp","href":"https:\/\/api.w.org\/{rel}","templated":true}]}}